{"id":668,"date":"2024-04-23T17:56:30","date_gmt":"2024-04-23T15:56:30","guid":{"rendered":"https:\/\/kalfany-suesse-werbung.de\/custom-sweets\/"},"modified":"2024-12-12T11:40:57","modified_gmt":"2024-12-12T10:40:57","slug":"custom-candies","status":"publish","type":"page","link":"https:\/\/kalfany-suesse-werbung.de\/fr\/custom-candies\/","title":{"rendered":"Custom Candies"},"content":{"rendered":"<section class=\"l-section wpb_row height_medium full_height valign_center with_img parallax_ver\"><div class=\"l-section-img\" role=\"img\" aria-label=\"Image\" data-img-width=\"2560\" data-img-height=\"1880\" style=\"background-image: url(https:\/\/kalfany-suesse-werbung.de\/wp-content\/uploads\/2024\/04\/ksw_bg_tisch-scaled.webp);\"><\/div><div class=\"l-section-overlay\" style=\"background:linear-gradient(0deg,#e8e8e8,rgba(255,255,255,0))\"><\/div><div class=\"l-section-h i-cf\"><div class=\"g-cols vc_row via_grid cols_1 laptops-cols_inherit tablets-cols_inherit mobiles-cols_1 valign_top type_default stacking_default\"><div class=\"wpb_column vc_column_container\"><div class=\"vc_column-inner\"><div class=\"g-cols wpb_row via_grid cols_2 laptops-cols_inherit tablets-cols_inherit mobiles-cols_1 valign_top type_default stacking_default\" style=\"--columns-gap:3rem;\"><div class=\"wpb_column vc_column_container\"><div class=\"vc_column-inner\"><div class=\"w-image us_custom_0393c115 align_none\"><div class=\"w-image-h\"><img decoding=\"async\" width=\"844\" height=\"1024\" src=\"https:\/\/kalfany-suesse-werbung.de\/wp-content\/uploads\/2024\/04\/ksw_dummies-844x1024.webp\" class=\"attachment-large size-large\" alt=\"\" loading=\"lazy\" srcset=\"https:\/\/kalfany-suesse-werbung.de\/wp-content\/uploads\/2024\/04\/ksw_dummies-844x1024.webp 844w, https:\/\/kalfany-suesse-werbung.de\/wp-content\/uploads\/2024\/04\/ksw_dummies-247x300.webp 247w\" sizes=\"auto, (max-width: 844px) 100vw, 844px\" \/><\/div><\/div><\/div><\/div><div class=\"wpb_column vc_column_container\"><div class=\"vc_column-inner\"><div class=\"w-image us_custom_a5ef9130 align_none\"><div class=\"w-image-h\"><img decoding=\"async\" width=\"1024\" height=\"1024\" src=\"https:\/\/kalfany-suesse-werbung.de\/wp-content\/uploads\/2024\/12\/Custom-Candies_RGB_grau.svg\" class=\"attachment-large size-large\" alt=\"\" loading=\"lazy\" \/><\/div><\/div><div class=\"w-separator size_medium\"><\/div><div class=\"wpb_text_column\"><div class=\"wpb_wrapper\"><p>Nous d\u00e9veloppons et produisons pour toi et tes clients des gommes de fruits de qualit\u00e9 sup\u00e9rieure, exactement selon tes souhaits.<\/p>\n<p>Nous te conseillons depuis la conception \u00e0 la fabrication jusqu\u2019\u00e0 l\u2019emballage\u00a0!<\/p>\n<\/div><\/div><div class=\"w-separator size_small\"><\/div><div class=\"w-hwrapper valign_top align_left\"><div class=\"w-text\"><span class=\"w-text-h\"><span class=\"w-text-value\">Choisis la couleur, la forme, l\u2019ar\u00f4me et ajoute des ingr\u00e9dients optionnels \u00e0 valeur ajout\u00e9e (comme la caf\u00e9ine ou les vitamines).<\/span><\/span><\/div><div class=\"w-image us_custom_6076e5d4 has_height align_none\"><div class=\"w-image-h\"><img decoding=\"async\" width=\"839\" height=\"839\" src=\"https:\/\/kalfany-suesse-werbung.de\/wp-content\/uploads\/2024\/05\/badge_FR.png\" class=\"attachment-large size-large\" alt=\"\" loading=\"lazy\" srcset=\"https:\/\/kalfany-suesse-werbung.de\/wp-content\/uploads\/2024\/05\/badge_FR.png 839w, https:\/\/kalfany-suesse-werbung.de\/wp-content\/uploads\/2024\/05\/badge_FR-300x300.png 300w, https:\/\/kalfany-suesse-werbung.de\/wp-content\/uploads\/2024\/05\/badge_FR-150x150.png 150w\" sizes=\"auto, (max-width: 839px) 100vw, 839px\" \/><\/div><\/div><\/div><\/div><\/div><\/div><div class=\"w-separator size_medium\"><\/div><div class=\"w-vwrapper align_none valign_top\"><div class=\"wpb_text_column us_custom_33b9ee00\"><div class=\"wpb_wrapper\"><ul>\n<li>La flexibilit\u00e9 et la capacit\u00e9 d\u2019adaptation aux souhaits personnalis\u00e9s sont primordiales<\/li>\n<li>Production en interne des gommes de fruits sur le site de Herbolzheim (Bade-Wurtemberg)<\/li>\n<li>Certifi\u00e9e IFS Food Higher Level pour l\u2019assurance qualit\u00e9<\/li>\n<li>Recherche et d\u00e9veloppement au plus haut niveau<\/li>\n<li>Possibilit\u00e9 de commander des quantit\u00e9s minimales r\u00e9duites<\/li>\n<li>Tout est produit en 1 seul toit, y compris l&rsquo;impression et la fabrication des emballages<\/li>\n<li>Exp\u00e9rience dans le domaine des compl\u00e9ments alimentaires (affiliation \u00e0 la \u00ab NEM\u00a0 e.V. \u00bb Association ind\u00e9pendante d\u2019entrepreneurs pour les compl\u00e9ments alimentaires)<\/li>\n<\/ul>\n<\/div><\/div><\/div><div class=\"w-separator size_medium\"><\/div><h2 class=\"w-text us_custom_2d6fb208\"><span class=\"w-text-h\"><span class=\"w-text-value\">PLUS DE 500 FORMES DIFF\u00c9RENTES POUR<br \/>\nLES GOMMES DE FRUITS SONT AU CHOIX<\/span><\/span><\/h2><h4 class=\"w-text us_custom_eb849559\"><span class=\"w-text-h\"><span class=\"w-text-value\">Des formes personnalis\u00e9es sont possibles sur demande.<\/span><\/span><\/h4><div class=\"w-image align_center\"><div class=\"w-image-h\"><img decoding=\"async\" width=\"2560\" height=\"748\" src=\"https:\/\/kalfany-suesse-werbung.de\/wp-content\/uploads\/2024\/04\/stempel_2-scaled.webp\" class=\"attachment-full size-full\" alt=\"\" loading=\"lazy\" srcset=\"https:\/\/kalfany-suesse-werbung.de\/wp-content\/uploads\/2024\/04\/stempel_2-scaled.webp 2560w, https:\/\/kalfany-suesse-werbung.de\/wp-content\/uploads\/2024\/04\/stempel_2-300x88.webp 300w, https:\/\/kalfany-suesse-werbung.de\/wp-content\/uploads\/2024\/04\/stempel_2-1024x299.webp 1024w\" sizes=\"auto, (max-width: 2560px) 100vw, 2560px\" \/><\/div><\/div><div class=\"w-text us_custom_eb849559\"><span class=\"w-text-h\"><span class=\"w-text-value\">Pour plus d\u2019informations sur les marques en nom propre, N\u2019h\u00e9site pas \u00e0 nous contacter pour un projet :<br \/>\nWhite Label ou Co-Packing !<\/span><\/span><\/div><div class=\"w-separator size_medium\"><\/div><div class=\"w-html us_custom_2c45f91b\">\n<div class=\"wpcf7 no-js\" id=\"wpcf7-f699-o1\" lang=\"fr-FR\" dir=\"ltr\" data-wpcf7-id=\"699\">\n<div class=\"screen-reader-response\"><p role=\"status\" aria-live=\"polite\" aria-atomic=\"true\"><\/p> <ul><\/ul><\/div>\n<form action=\"\/fr\/wp-json\/wp\/v2\/pages\/668#wpcf7-f699-o1\" method=\"post\" class=\"wpcf7-form init\" aria-label=\"Formulaire de contact\" novalidate=\"novalidate\" data-status=\"init\">\n<fieldset class=\"hidden-fields-container\"><input type=\"hidden\" name=\"_wpcf7\" value=\"699\" \/><input type=\"hidden\" name=\"_wpcf7_version\" value=\"6.1.4\" \/><input type=\"hidden\" name=\"_wpcf7_locale\" value=\"fr_FR\" \/><input type=\"hidden\" name=\"_wpcf7_unit_tag\" value=\"wpcf7-f699-o1\" \/><input type=\"hidden\" name=\"_wpcf7_container_post\" value=\"0\" \/><input type=\"hidden\" name=\"_wpcf7_posted_data_hash\" value=\"\" \/>\n<\/fieldset>\n<div>\n\t<div class=\"form-row\">\n\t\t<p><label> Pr\u00e9nom*<br \/>\n<span class=\"wpcf7-form-control-wrap\" data-name=\"vorname\"><input size=\"40\" maxlength=\"400\" class=\"wpcf7-form-control wpcf7-text wpcf7-validates-as-required\" autocomplete=\"given-name\" aria-required=\"true\" aria-invalid=\"false\" value=\"\" type=\"text\" name=\"vorname\" \/><\/span> <\/label>\n\t\t<\/p>\n\t\t<p><label> Nom*<br \/>\n<span class=\"wpcf7-form-control-wrap\" data-name=\"nachname\"><input size=\"40\" maxlength=\"400\" class=\"wpcf7-form-control wpcf7-text wpcf7-validates-as-required\" autocomplete=\"family-name\" aria-required=\"true\" aria-invalid=\"false\" value=\"\" type=\"text\" name=\"nachname\" \/><\/span> <\/label>\n\t\t<\/p>\n\t<\/div>\n\t<div class=\"form-row\">\n\t\t<p><label> Adresse mail*<br \/>\n<span class=\"wpcf7-form-control-wrap\" data-name=\"email\"><input size=\"40\" maxlength=\"400\" class=\"wpcf7-form-control wpcf7-email wpcf7-validates-as-required wpcf7-text wpcf7-validates-as-email\" autocomplete=\"email\" aria-required=\"true\" aria-invalid=\"false\" value=\"\" type=\"email\" name=\"email\" \/><\/span> <\/label>\n\t\t<\/p>\n\t\t<p><label> T\u00e9l\u00e9phone<br \/>\n<span class=\"wpcf7-form-control-wrap\" data-name=\"telefon\"><input size=\"40\" maxlength=\"400\" class=\"wpcf7-form-control wpcf7-tel wpcf7-text wpcf7-validates-as-tel\" aria-invalid=\"false\" value=\"\" type=\"tel\" name=\"telefon\" \/><\/span> <\/label>\n\t\t<\/p>\n\t<\/div>\n\t<div class=\"form-row\">\n\t\t<p><label> Soci\u00e9t\u00e9<br \/>\n<span class=\"wpcf7-form-control-wrap\" data-name=\"firma\"><input size=\"40\" maxlength=\"400\" class=\"wpcf7-form-control wpcf7-text\" aria-invalid=\"false\" value=\"\" type=\"text\" name=\"firma\" \/><\/span> <\/label>\n\t\t<\/p>\n\t<\/div>\n\t<div class=\"form-row\" style=\"margin-top: 1.5rem; margin-bottom: 1.5rem\">\n\t\t<p><label> Pays<br \/>\n<span class=\"wpcf7-form-control-wrap\" data-name=\"land\"><input size=\"40\" maxlength=\"400\" class=\"wpcf7-form-control wpcf7-text\" aria-invalid=\"false\" value=\"\" type=\"text\" name=\"land\" \/><\/span> <\/label>\n\t\t<\/p>\n\t<\/div>\n\t<div class=\"form-row\" style=\"margin-top: 1.5rem; margin-bottom: 1.5rem\">\n\t\t<p><label> Message<br \/>\n<span class=\"wpcf7-form-control-wrap\" data-name=\"nachricht\"><textarea cols=\"40\" rows=\"10\" maxlength=\"2000\" class=\"wpcf7-form-control wpcf7-textarea\" aria-invalid=\"false\" name=\"nachricht\"><\/textarea><\/span> <\/label>\n\t\t<\/p>\n\t<\/div>\n\t<p><span class=\"wpcf7-form-control-wrap\" data-name=\"zustimmung\"><span class=\"wpcf7-form-control wpcf7-acceptance\"><span class=\"wpcf7-list-item\"><input type=\"checkbox\" name=\"zustimmung\" value=\"1\" aria-invalid=\"false\" \/><\/span><\/span><\/span> Oui, j\u2019ai lu la d\u00e9claration de confidentialit\u00e9 et j\u2019accepte le <a href=\"\/fr\/protection-des-donnees\/\" target=\"_blank\">traitement de mes donn\u00e9es personnelles<\/a> comme indiqu\u00e9 dans celle-ci.\n\t<\/p>\n\t<p><input class=\"wpcf7-form-control wpcf7-submit has-spinner\" type=\"submit\" value=\"Envoyer\" \/><br \/>\n<span id=\"wpcf7-69d9929703198-wrapper\" class=\"wpcf7-form-control-wrap website-wrap\" style=\"display:none !important; visibility:hidden !important;\"><label for=\"wpcf7-69d9929703198-field\" class=\"hp-message\">Veuillez laisser ce champ vide.<\/label><input id=\"wpcf7-69d9929703198-field\"  class=\"wpcf7-form-control wpcf7-text\" type=\"text\" name=\"website\" value=\"\" size=\"40\" tabindex=\"-1\" autocomplete=\"new-password\" \/><\/span><br \/>\n<span id=\"wpcf7-69d99297031c5-wrapper\" class=\"wpcf7-form-control-wrap betreff-wrap\" style=\"display:none !important; visibility:hidden !important;\"><label for=\"wpcf7-69d99297031c5-field\" class=\"hp-message\">Veuillez laisser ce champ vide.<\/label><input id=\"wpcf7-69d99297031c5-field\"  class=\"wpcf7-form-control wpcf7-text\" type=\"text\" name=\"betreff\" value=\"\" size=\"40\" tabindex=\"-1\" autocomplete=\"new-password\" \/><\/span><br \/>\n<span id=\"wpcf7-69d99297031e7-wrapper\" class=\"wpcf7-form-control-wrap mail-wrap\" style=\"display:none !important; visibility:hidden !important;\"><label for=\"wpcf7-69d99297031e7-field\" class=\"hp-message\">Veuillez laisser ce champ vide.<\/label><input id=\"wpcf7-69d99297031e7-field\"  class=\"wpcf7-form-control wpcf7-text\" type=\"text\" name=\"mail\" value=\"\" size=\"40\" tabindex=\"-1\" autocomplete=\"new-password\" \/><\/span>\n\t<\/p>\n<\/div><div class=\"wpcf7-response-output\" aria-hidden=\"true\"><\/div>\n<\/form>\n<\/div>\n<\/div><\/div><\/div><\/div><\/div><\/section>\n","protected":false},"excerpt":{"rendered":"Nous d\u00e9veloppons et produisons pour toi et tes clients des gommes de fruits de qualit\u00e9 sup\u00e9rieure, exactement selon tes souhaits. Nous te conseillons depuis la conception \u00e0 la fabrication jusqu\u2019\u00e0 l\u2019emballage\u00a0! Choisis la couleur, la forme, l\u2019ar\u00f4me et ajoute des ingr\u00e9dients optionnels \u00e0 valeur ajout\u00e9e (comme la caf\u00e9ine ou les vitamines). La flexibilit\u00e9 et la...","protected":false},"author":1,"featured_media":0,"parent":0,"menu_order":0,"comment_status":"closed","ping_status":"closed","template":"","meta":{"footnotes":""},"class_list":["post-668","page","type-page","status-publish","hentry"],"yoast_head":"<!-- This site is optimized with the Yoast SEO plugin v26.8 - https:\/\/yoast.com\/product\/yoast-seo-wordpress\/ -->\n<title>Custom Candies - Kalfany S\u00fc\u00dfe Werbung<\/title>\n<meta name=\"robots\" content=\"index, follow, max-snippet:-1, max-image-preview:large, max-video-preview:-1\" \/>\n<link rel=\"canonical\" href=\"https:\/\/kalfany-suesse-werbung.de\/fr\/custom-candies\/\" \/>\n<meta property=\"og:locale\" content=\"fr_FR\" \/>\n<meta property=\"og:type\" content=\"article\" \/>\n<meta property=\"og:title\" content=\"Custom Candies - Kalfany S\u00fc\u00dfe Werbung\" \/>\n<meta property=\"og:url\" content=\"https:\/\/kalfany-suesse-werbung.de\/fr\/custom-candies\/\" \/>\n<meta property=\"og:site_name\" content=\"Kalfany S\u00fc\u00dfe Werbung\" \/>\n<meta property=\"article:modified_time\" content=\"2024-12-12T10:40:57+00:00\" \/>\n<meta name=\"twitter:card\" content=\"summary_large_image\" \/>\n<meta name=\"twitter:label1\" content=\"Dur\u00e9e de lecture estim\u00e9e\" \/>\n\t<meta name=\"twitter:data1\" content=\"3 minutes\" \/>\n<script type=\"application\/ld+json\" class=\"yoast-schema-graph\">{\"@context\":\"https:\/\/schema.org\",\"@graph\":[{\"@type\":\"WebPage\",\"@id\":\"https:\/\/kalfany-suesse-werbung.de\/fr\/custom-candies\/\",\"url\":\"https:\/\/kalfany-suesse-werbung.de\/fr\/custom-candies\/\",\"name\":\"Custom Candies - Kalfany S\u00fc\u00dfe Werbung\",\"isPartOf\":{\"@id\":\"https:\/\/kalfany-suesse-werbung.de\/#website\"},\"datePublished\":\"2024-04-23T15:56:30+00:00\",\"dateModified\":\"2024-12-12T10:40:57+00:00\",\"breadcrumb\":{\"@id\":\"https:\/\/kalfany-suesse-werbung.de\/fr\/custom-candies\/#breadcrumb\"},\"inLanguage\":\"fr-FR\",\"potentialAction\":[{\"@type\":\"ReadAction\",\"target\":[\"https:\/\/kalfany-suesse-werbung.de\/fr\/custom-candies\/\"]}]},{\"@type\":\"BreadcrumbList\",\"@id\":\"https:\/\/kalfany-suesse-werbung.de\/fr\/custom-candies\/#breadcrumb\",\"itemListElement\":[{\"@type\":\"ListItem\",\"position\":1,\"name\":\"Startseite\",\"item\":\"https:\/\/kalfany-suesse-werbung.de\/fr\/\"},{\"@type\":\"ListItem\",\"position\":2,\"name\":\"Custom Candies\"}]},{\"@type\":\"WebSite\",\"@id\":\"https:\/\/kalfany-suesse-werbung.de\/#website\",\"url\":\"https:\/\/kalfany-suesse-werbung.de\/\",\"name\":\"Kalfany S\u00fc\u00dfe Werbung\",\"description\":\"\",\"publisher\":{\"@id\":\"https:\/\/kalfany-suesse-werbung.de\/#organization\"},\"potentialAction\":[{\"@type\":\"SearchAction\",\"target\":{\"@type\":\"EntryPoint\",\"urlTemplate\":\"https:\/\/kalfany-suesse-werbung.de\/?s={search_term_string}\"},\"query-input\":{\"@type\":\"PropertyValueSpecification\",\"valueRequired\":true,\"valueName\":\"search_term_string\"}}],\"inLanguage\":\"fr-FR\"},{\"@type\":\"Organization\",\"@id\":\"https:\/\/kalfany-suesse-werbung.de\/#organization\",\"name\":\"Kalfany S\u00fc\u00dfe Werbung\",\"url\":\"https:\/\/kalfany-suesse-werbung.de\/\",\"logo\":{\"@type\":\"ImageObject\",\"inLanguage\":\"fr-FR\",\"@id\":\"https:\/\/kalfany-suesse-werbung.de\/#\/schema\/logo\/image\/\",\"url\":\"https:\/\/kalfany-suesse-werbung.de\/wp-content\/uploads\/2024\/02\/ksw_logo.svg\",\"contentUrl\":\"https:\/\/kalfany-suesse-werbung.de\/wp-content\/uploads\/2024\/02\/ksw_logo.svg\",\"width\":\"1024\",\"height\":\"1024\",\"caption\":\"Kalfany S\u00fc\u00dfe Werbung\"},\"image\":{\"@id\":\"https:\/\/kalfany-suesse-werbung.de\/#\/schema\/logo\/image\/\"},\"sameAs\":[\"https:\/\/de.linkedin.com\/company\/kalfany-suesse-werbung\"]}]}<\/script>\n<!-- \/ Yoast SEO plugin. -->","yoast_head_json":{"title":"Custom Candies - Kalfany S\u00fc\u00dfe Werbung","robots":{"index":"index","follow":"follow","max-snippet":"max-snippet:-1","max-image-preview":"max-image-preview:large","max-video-preview":"max-video-preview:-1"},"canonical":"https:\/\/kalfany-suesse-werbung.de\/fr\/custom-candies\/","og_locale":"fr_FR","og_type":"article","og_title":"Custom Candies - Kalfany S\u00fc\u00dfe Werbung","og_url":"https:\/\/kalfany-suesse-werbung.de\/fr\/custom-candies\/","og_site_name":"Kalfany S\u00fc\u00dfe Werbung","article_modified_time":"2024-12-12T10:40:57+00:00","twitter_card":"summary_large_image","twitter_misc":{"Dur\u00e9e de lecture estim\u00e9e":"3 minutes"},"schema":{"@context":"https:\/\/schema.org","@graph":[{"@type":"WebPage","@id":"https:\/\/kalfany-suesse-werbung.de\/fr\/custom-candies\/","url":"https:\/\/kalfany-suesse-werbung.de\/fr\/custom-candies\/","name":"Custom Candies - Kalfany S\u00fc\u00dfe Werbung","isPartOf":{"@id":"https:\/\/kalfany-suesse-werbung.de\/#website"},"datePublished":"2024-04-23T15:56:30+00:00","dateModified":"2024-12-12T10:40:57+00:00","breadcrumb":{"@id":"https:\/\/kalfany-suesse-werbung.de\/fr\/custom-candies\/#breadcrumb"},"inLanguage":"fr-FR","potentialAction":[{"@type":"ReadAction","target":["https:\/\/kalfany-suesse-werbung.de\/fr\/custom-candies\/"]}]},{"@type":"BreadcrumbList","@id":"https:\/\/kalfany-suesse-werbung.de\/fr\/custom-candies\/#breadcrumb","itemListElement":[{"@type":"ListItem","position":1,"name":"Startseite","item":"https:\/\/kalfany-suesse-werbung.de\/fr\/"},{"@type":"ListItem","position":2,"name":"Custom Candies"}]},{"@type":"WebSite","@id":"https:\/\/kalfany-suesse-werbung.de\/#website","url":"https:\/\/kalfany-suesse-werbung.de\/","name":"Kalfany S\u00fc\u00dfe Werbung","description":"","publisher":{"@id":"https:\/\/kalfany-suesse-werbung.de\/#organization"},"potentialAction":[{"@type":"SearchAction","target":{"@type":"EntryPoint","urlTemplate":"https:\/\/kalfany-suesse-werbung.de\/?s={search_term_string}"},"query-input":{"@type":"PropertyValueSpecification","valueRequired":true,"valueName":"search_term_string"}}],"inLanguage":"fr-FR"},{"@type":"Organization","@id":"https:\/\/kalfany-suesse-werbung.de\/#organization","name":"Kalfany S\u00fc\u00dfe Werbung","url":"https:\/\/kalfany-suesse-werbung.de\/","logo":{"@type":"ImageObject","inLanguage":"fr-FR","@id":"https:\/\/kalfany-suesse-werbung.de\/#\/schema\/logo\/image\/","url":"https:\/\/kalfany-suesse-werbung.de\/wp-content\/uploads\/2024\/02\/ksw_logo.svg","contentUrl":"https:\/\/kalfany-suesse-werbung.de\/wp-content\/uploads\/2024\/02\/ksw_logo.svg","width":"1024","height":"1024","caption":"Kalfany S\u00fc\u00dfe Werbung"},"image":{"@id":"https:\/\/kalfany-suesse-werbung.de\/#\/schema\/logo\/image\/"},"sameAs":["https:\/\/de.linkedin.com\/company\/kalfany-suesse-werbung"]}]}},"_links":{"self":[{"href":"https:\/\/kalfany-suesse-werbung.de\/fr\/wp-json\/wp\/v2\/pages\/668","targetHints":{"allow":["GET"]}}],"collection":[{"href":"https:\/\/kalfany-suesse-werbung.de\/fr\/wp-json\/wp\/v2\/pages"}],"about":[{"href":"https:\/\/kalfany-suesse-werbung.de\/fr\/wp-json\/wp\/v2\/types\/page"}],"author":[{"embeddable":true,"href":"https:\/\/kalfany-suesse-werbung.de\/fr\/wp-json\/wp\/v2\/users\/1"}],"replies":[{"embeddable":true,"href":"https:\/\/kalfany-suesse-werbung.de\/fr\/wp-json\/wp\/v2\/comments?post=668"}],"version-history":[{"count":5,"href":"https:\/\/kalfany-suesse-werbung.de\/fr\/wp-json\/wp\/v2\/pages\/668\/revisions"}],"predecessor-version":[{"id":992,"href":"https:\/\/kalfany-suesse-werbung.de\/fr\/wp-json\/wp\/v2\/pages\/668\/revisions\/992"}],"wp:attachment":[{"href":"https:\/\/kalfany-suesse-werbung.de\/fr\/wp-json\/wp\/v2\/media?parent=668"}],"curies":[{"name":"wp","href":"https:\/\/api.w.org\/{rel}","templated":true}]}}