{"id":617,"date":"2024-02-26T15:26:43","date_gmt":"2024-02-26T14:26:43","guid":{"rendered":"https:\/\/kalfany-suesse-werbung.de\/startseite-2\/"},"modified":"2024-12-13T17:19:55","modified_gmt":"2024-12-13T16:19:55","slug":"startseite-2","status":"publish","type":"page","link":"https:\/\/kalfany-suesse-werbung.de\/fr\/","title":{"rendered":"Page d&rsquo;accueil"},"content":{"rendered":"<section class=\"l-section wpb_row height_auto width_full\" id=\"startseite-header\"><div class=\"l-section-overlay\" style=\"background:#d1d1d1\"><\/div><div class=\"l-section-h i-cf\"><div class=\"g-cols vc_row via_grid cols_3 laptops-cols_inherit tablets-cols_inherit mobiles-cols_1 valign_top type_boxes stacking_default\" style=\"--columns-gap:0rem;\"><div class=\"wpb_column vc_column_container\"><div class=\"vc_column-overlay\" style=\"background:var(--color-header-middle-text)\"><\/div><div class=\"vc_column-inner\"><div class=\"w-vwrapper align_center valign_justify\"><div class=\"w-hwrapper valign_top wrap align_center\" style=\"--hwrapper-gap:0rem\"><div class=\"w-image align_none\"><a target=\"_blank\" href=\"https:\/\/baeren-company.de\" aria-label=\"bc_logo_quer-neu-01\" class=\"w-image-h\"><img decoding=\"async\" width=\"1024\" height=\"1024\" src=\"https:\/\/kalfany-suesse-werbung.de\/wp-content\/uploads\/2024\/04\/bc_logo_quer-neu-01.svg\" class=\"attachment-large size-large\" alt=\"\" loading=\"lazy\" \/><\/a><\/div><div class=\"w-text us_custom_eb849559\"><span class=\"w-text-h\"><span class=\"w-text-value\">Notre sp\u00e9cialit\u00e9 :<br \/>\ndes gommes de fruits uniques<\/span><\/span><\/div><\/div><div class=\"w-separator size_medium\"><\/div><div class=\"w-btn-wrapper align_center\"><a class=\"w-btn us-btn-style_5\" onclick=\"window.location.hash = &#039;#baeren-company&#039;;ksw_main_swiper.slideTo(0, 0);\" href=\"\/fr\/#baeren-company\"><span class=\"w-btn-label\">Plus d\u2019informations<\/span><\/a><\/div><\/div><\/div><\/div><div class=\"wpb_column vc_column_container\"><div class=\"vc_column-overlay\" style=\"background:var(--color-header-middle-text)\"><\/div><div class=\"vc_column-inner\"><div class=\"w-vwrapper align_center valign_justify\"><div class=\"w-hwrapper valign_top wrap align_center\" style=\"--hwrapper-gap:0rem\"><div class=\"w-image align_none\"><a target=\"_blank\" href=\"https:\/\/suesse-werbung.de\/fr\" aria-label=\"ksw_logo_quer-01\" class=\"w-image-h\"><img decoding=\"async\" width=\"1024\" height=\"1024\" src=\"https:\/\/kalfany-suesse-werbung.de\/wp-content\/uploads\/2024\/04\/ksw_logo_quer-01.svg\" class=\"attachment-large size-large\" alt=\"\" loading=\"lazy\" \/><\/a><\/div><div class=\"w-text us_custom_eb849559\"><span class=\"w-text-h\"><span class=\"w-text-value\">Une production maison<br \/>\npour une publicit\u00e9 gourmande<\/span><\/span><\/div><\/div><div class=\"w-separator size_medium\"><\/div><div class=\"w-btn-wrapper align_center\"><a class=\"w-btn us-btn-style_1\" onclick=\"window.location.hash = &#039;#suesse-werbung&#039;;\" href=\"\/fr\/#suesse-werbung\"><span class=\"w-btn-label\">Plus d\u2019informations<\/span><\/a><\/div><\/div><\/div><\/div><div class=\"wpb_column vc_column_container\"><div class=\"vc_column-overlay\" style=\"background:var(--color-header-middle-text)\"><\/div><div class=\"vc_column-inner\"><div class=\"w-vwrapper align_center valign_top\"><div class=\"w-hwrapper valign_top wrap align_center\" style=\"--hwrapper-gap:0rem\"><div class=\"w-image align_none\"><a href=\"\/fr\/custom-candies\/\" aria-label=\"custom-candies_logo_quer\" class=\"w-image-h\"><img decoding=\"async\" width=\"1024\" height=\"1024\" src=\"https:\/\/kalfany-suesse-werbung.de\/wp-content\/uploads\/2024\/12\/custom-candies_logo_quer.svg\" class=\"attachment-large size-large\" alt=\"\" loading=\"lazy\" \/><\/a><\/div><div class=\"w-text us_custom_eb849559\"><span class=\"w-text-h\"><span class=\"w-text-value\">D\u00e9veloppement de produits gourmands<br \/>\nsur mesure et conditionnement \u00e0 fa\u00e7on<br \/>\npour les clients en marque propre<\/span><\/span><\/div><\/div><div class=\"w-separator size_medium\"><\/div><div class=\"w-btn-wrapper align_center\"><a class=\"w-btn us-btn-style_4\" onclick=\"window.location.hash = &#039;#custom-sweets&#039;;\" href=\"#custom-candies\"><span class=\"w-btn-label\">Plus d\u2019informations<\/span><\/a><\/div><\/div><\/div><\/div><\/div><\/div><\/section><section class=\"l-section wpb_row height_auto width_full\"><div class=\"l-section-h i-cf\"><div class=\"g-cols vc_row via_grid cols_1 laptops-cols_inherit tablets-cols_inherit mobiles-cols_1 valign_top type_default stacking_default\"><div class=\"wpb_column vc_column_container\"><div class=\"vc_column-inner\"><div class='kalfany_slider'>\n\n    <!-- <div thumbsSlider=\"\" class=\"thumbs_swiper\">\n        <div class=\"swiper-wrapper\">\n            <div class=\"swiper-slide\"><img decoding=\"async\"\n                    src=\"\/custom_elements\/kalfany_slider\/img\/bc_logo_quer.svg\">\n            <\/div>\n            <div class=\"swiper-slide\"><img decoding=\"async\"\n                    src=\"\/custom_elements\/kalfany_slider\/img\/ksw_logo_quer.svg\">\n            <\/div>\n            <div class=\"swiper-slide\"><img decoding=\"async\"\n                    src=\"\/custom_elements\/kalfany_slider\/img\/cs_logo_quer.svg\">\n            <\/div>\n        <\/div>\n        <div class=\"swiper-scrollbar\"><\/div>\n    <\/div> -->\n\n    <!-- Slider main container -->\n    <div class=\"main_swiper\">\n        <!-- Additional required wrapper -->\n        <div class=\"swiper-wrapper\">\n            <!-- Slides -->\n\n            <div class=\"swiper-slide slide-baeren-company\" data-hash=\"baeren-company\" id=\"baeren-company\">\n                <div class=\"slide-content\">\n                    <img decoding=\"async\" class=\"slider-headline\" data-swiper-parallax-x=\"500\" data-swiper-parallax-opacity=\"0\"\n                        src=\" https:\/\/kalfany-suesse-werbung.de\/wp-content\/uploads\/2024\/05\/bc_slogan_fr.svg\">\n                    <div class=\"col-wrapper\">\n                        <div class=\"slide-left-col\">\n                            <img decoding=\"async\" class=\"slider-hero-img\" data-swiper-parallax-x=\"800\" data-swiper-parallax-opacity=\"0\"\n                                src=\"https:\/\/kalfany-suesse-werbung.de\/wp-content\/themes\/Impreza-child\/custom_elements\/kalfany_slider\/img\/bc_tuetchen_neu.webp\">\n                        <\/div>\n                        <div class=\"slide-right-col\">\n                            <img decoding=\"async\" class=\"slider_logo\"\n                                src=\"https:\/\/kalfany-suesse-werbung.de\/wp-content\/themes\/Impreza-child\/custom_elements\/kalfany_slider\/img\/bc_logo_quer-grau.svg\">\n                            <p data-swiper-parallax-x=\"400\" data-swiper-parallax-opacity=\"0\">\n                                Au sein de notre production de gommes de fruits en For\u00eat Noire, nous fabriquons sous la marque B\u00e4ren Company<sup>\u00ae<\/sup> des sp\u00e9cialit\u00e9s uniques de gommes de fruits avec beaucoup d'amour et de passion !\n                            <\/p>\n\n                            <div class=\"w-btn-wrapper \"><a class=\"w-btn us-btn-style_1\" target=\"_blank\"\n                                    data-swiper-parallax-opacity=\"0\"\n                                    href=\"https:\/\/www.baeren-company.de\"><span\n                                        class=\"w-btn-label\">Acc\u00e8s au site internet<\/span><\/a>\n                            <\/div>\n                            <img decoding=\"async\" class=\"slide-blume\" data-swiper-parallax-opacity=\"0\"\n                                src=\"https:\/\/kalfany-suesse-werbung.de\/wp-content\/themes\/Impreza-child\/custom_elements\/kalfany_slider\/img\/blume_v3.webp\">\n                        <\/div>\n                    <\/div>\n                <\/div>\n\n\n            <\/div>\n            <div class=\"swiper-slide slide-suesse-werbung\" data-hash=\"suesse-werbung\" id=\"suesse-werbung\">\n                <div class=\"slide-content\">\n                    <img decoding=\"async\" class=\"slider-headline\" data-swiper-parallax-x=\"500\" data-swiper-parallax-opacity=\"0\"\n                        src=\" https:\/\/kalfany-suesse-werbung.de\/wp-content\/uploads\/2024\/05\/dc_logo_ksw.svg\">\n                    <div class=\"col-wrapper\">\n                        <div class=\"slide-left-col\">\n                            <img decoding=\"async\" class=\"slider-hero-img\" data-swiper-parallax-x=\"800\" data-swiper-parallax-opacity=\"0\"\n                                src=\"https:\/\/kalfany-suesse-werbung.de\/wp-content\/themes\/Impreza-child\/custom_elements\/kalfany_slider\/img\/Kirschen_transparent.webp\">\n                        <\/div>\n                        <div class=\"slide-right-col\">\n                            <img decoding=\"async\" class=\"slider_logo\"\n                                src=\"https:\/\/kalfany-suesse-werbung.de\/wp-content\/themes\/Impreza-child\/custom_elements\/kalfany_slider\/img\/ksw_logo_quer-grau.svg\">\n                            <p data-swiper-parallax-x=\"400\" data-swiper-parallax-opacity=\"0\">\n                                Nous cr\u00e9ons une communication irr\u00e9sistible \u00e0 partir de d\u00e9licieuses friandises et d\u2019emballages personnalis\u00e9s.                            <\/p>\n                            <p data-swiper-parallax-x=\"200\" data-swiper-parallax-opacity=\"0\">\n                                En tant que fabricant de confiseries certifi\u00e9, nous disposons \u00e9galement de notre propre imprimerie, d\u2019une station d\u2019emballage et d\u2019un service de logistique et d\u2019exp\u00e9dition.\n                            <\/p>\n                            <div class=\"w-btn-wrapper \"><a class=\"w-btn us-btn-style_1\" target=\"_blank\"\n                                    data-swiper-parallax-opacity=\"0\"\n                                    href=\"https:\/\/www.suesse-werbung.de\/fr\"><span\n                                        class=\"w-btn-label\">Acc\u00e8s au site internet<\/span><\/a>\n                            <\/div>\n                            <img decoding=\"async\" class=\"slide-blume\" data-swiper-parallax-opacity=\"0\"\n                                src=\"https:\/\/kalfany-suesse-werbung.de\/wp-content\/themes\/Impreza-child\/custom_elements\/kalfany_slider\/img\/ksw_blume_2.webp\">\n                        <\/div>\n                    <\/div>\n                <\/div>\n\n\n            <\/div>\n            <div class=\"swiper-slide slide-custom-sweets\" data-hash=\"custom-candies\" id=\"custom-candies\"\">\n                <div class=\" slide-content\">\n                <img decoding=\"async\" class=\"slider-headline\" data-swiper-parallax-x=\"500\" data-swiper-parallax-opacity=\"0\"\n                    src=\" https:\/\/kalfany-suesse-werbung.de\/wp-content\/uploads\/2024\/05\/cs_slogan_fr.svg\">\n                <div class=\"col-wrapper\">\n                    <div class=\"slide-left-col\">\n                        <img decoding=\"async\" class=\"slider-hero-img\" data-swiper-parallax-x=\"800\" data-swiper-parallax-opacity=\"0\"\n                            src=\"https:\/\/kalfany-suesse-werbung.de\/wp-content\/themes\/Impreza-child\/custom_elements\/kalfany_slider\/img\/cs_hero_2.webp\">\n                    <\/div>\n                    <div class=\"slide-right-col\">\n                        <img decoding=\"async\" class=\"slider_logo\"\n                            src=\"https:\/\/kalfany-suesse-werbung.de\/wp-content\/themes\/Impreza-child\/custom_elements\/kalfany_slider\/img\/custom-candies_logo_quer-grau.svg\">\n                        <p>\n                            Nous d\u00e9veloppons et produisons pour toi et tes clients des gommes de fruits de qualit\u00e9 sup\u00e9rieure, exactement selon tes souhaits. \n                        <\/p>\n\n                        <div class=\"w-btn-wrapper \"><a class=\"w-btn us-btn-style_1\" data-swiper-parallax-opacity=\"0\"\n                                href=\"\/custom-candies\/\"><span\n                                    class=\"w-btn-label\">Informations compl\u00e9mentaires<\/span><\/a>\n                        <\/div>\n                        <img decoding=\"async\" class=\"slide-blume\" data-swiper-parallax-opacity=\"0\"\n                            src=\"https:\/\/kalfany-suesse-werbung.de\/wp-content\/themes\/Impreza-child\/custom_elements\/kalfany_slider\/img\/Blume_1512.webp\">\n                    <\/div>\n                <\/div>\n            <\/div>\n\n\n        <\/div>\n    <\/div>\n    <!-- If we need pagination -->\n    <!-- <div class=\"swiper-pagination\"><\/div> -->\n\n    <!-- If we need navigation buttons -->\n    <div class=\"swiper-button-prev\"><\/div>\n    <div class=\"swiper-button-next\"><\/div>\n\n    <!-- If we need scrollbar -->\n    <div class=\"swiper-scrollbar\"><\/div>\n<\/div>\n<\/div><\/div><\/div><\/div><\/div><\/section>\n","protected":false},"excerpt":{"rendered":"Notre sp\u00e9cialit\u00e9 : des gommes de fruits uniquesPlus d\u2019informationsUne production maison pour une publicit\u00e9 gourmandePlus d\u2019informationsD\u00e9veloppement de produits gourmands sur mesure et conditionnement \u00e0 fa\u00e7on pour les clients en marque proprePlus d\u2019informations Au sein de notre production de gommes de fruits en For\u00eat Noire, nous fabriquons sous la marque B\u00e4ren Company\u00ae des sp\u00e9cialit\u00e9s uniques de...","protected":false},"author":1,"featured_media":0,"parent":0,"menu_order":0,"comment_status":"closed","ping_status":"closed","template":"","meta":{"footnotes":""},"class_list":["post-617","page","type-page","status-publish","hentry"],"yoast_head":"<!-- This site is optimized with the Yoast SEO plugin v26.8 - https:\/\/yoast.com\/product\/yoast-seo-wordpress\/ -->\n<title>Kalfany S\u00fc\u00dfe Werbung<\/title>\n<meta name=\"robots\" content=\"index, follow, max-snippet:-1, max-image-preview:large, max-video-preview:-1\" \/>\n<link rel=\"canonical\" href=\"https:\/\/kalfany-suesse-werbung.de\/fr\/\" \/>\n<meta property=\"og:locale\" content=\"fr_FR\" \/>\n<meta property=\"og:type\" content=\"article\" \/>\n<meta property=\"og:title\" content=\"Kalfany S\u00fc\u00dfe Werbung\" \/>\n<meta property=\"og:url\" content=\"https:\/\/kalfany-suesse-werbung.de\/fr\/\" \/>\n<meta property=\"og:site_name\" content=\"Kalfany S\u00fc\u00dfe Werbung\" \/>\n<meta property=\"article:modified_time\" content=\"2024-12-13T16:19:55+00:00\" \/>\n<meta name=\"twitter:card\" content=\"summary_large_image\" \/>\n<meta name=\"twitter:label1\" content=\"Dur\u00e9e de lecture estim\u00e9e\" \/>\n\t<meta name=\"twitter:data1\" content=\"2 minutes\" \/>\n<script type=\"application\/ld+json\" class=\"yoast-schema-graph\">{\"@context\":\"https:\/\/schema.org\",\"@graph\":[{\"@type\":\"WebPage\",\"@id\":\"https:\/\/kalfany-suesse-werbung.de\/fr\/\",\"url\":\"https:\/\/kalfany-suesse-werbung.de\/fr\/\",\"name\":\"Kalfany S\u00fc\u00dfe Werbung\",\"isPartOf\":{\"@id\":\"https:\/\/kalfany-suesse-werbung.de\/#website\"},\"datePublished\":\"2024-02-26T14:26:43+00:00\",\"dateModified\":\"2024-12-13T16:19:55+00:00\",\"breadcrumb\":{\"@id\":\"https:\/\/kalfany-suesse-werbung.de\/fr\/#breadcrumb\"},\"inLanguage\":\"fr-FR\",\"potentialAction\":[{\"@type\":\"ReadAction\",\"target\":[\"https:\/\/kalfany-suesse-werbung.de\/fr\/\"]}]},{\"@type\":\"BreadcrumbList\",\"@id\":\"https:\/\/kalfany-suesse-werbung.de\/fr\/#breadcrumb\",\"itemListElement\":[{\"@type\":\"ListItem\",\"position\":1,\"name\":\"Startseite\",\"item\":\"https:\/\/kalfany-suesse-werbung.de\/fr\/\"},{\"@type\":\"ListItem\",\"position\":2,\"name\":\"Page d&rsquo;accueil\"}]},{\"@type\":\"WebSite\",\"@id\":\"https:\/\/kalfany-suesse-werbung.de\/#website\",\"url\":\"https:\/\/kalfany-suesse-werbung.de\/\",\"name\":\"Kalfany S\u00fc\u00dfe Werbung\",\"description\":\"\",\"publisher\":{\"@id\":\"https:\/\/kalfany-suesse-werbung.de\/#organization\"},\"potentialAction\":[{\"@type\":\"SearchAction\",\"target\":{\"@type\":\"EntryPoint\",\"urlTemplate\":\"https:\/\/kalfany-suesse-werbung.de\/?s={search_term_string}\"},\"query-input\":{\"@type\":\"PropertyValueSpecification\",\"valueRequired\":true,\"valueName\":\"search_term_string\"}}],\"inLanguage\":\"fr-FR\"},{\"@type\":\"Organization\",\"@id\":\"https:\/\/kalfany-suesse-werbung.de\/#organization\",\"name\":\"Kalfany S\u00fc\u00dfe Werbung\",\"url\":\"https:\/\/kalfany-suesse-werbung.de\/\",\"logo\":{\"@type\":\"ImageObject\",\"inLanguage\":\"fr-FR\",\"@id\":\"https:\/\/kalfany-suesse-werbung.de\/#\/schema\/logo\/image\/\",\"url\":\"https:\/\/kalfany-suesse-werbung.de\/wp-content\/uploads\/2024\/02\/ksw_logo.svg\",\"contentUrl\":\"https:\/\/kalfany-suesse-werbung.de\/wp-content\/uploads\/2024\/02\/ksw_logo.svg\",\"width\":\"1024\",\"height\":\"1024\",\"caption\":\"Kalfany S\u00fc\u00dfe Werbung\"},\"image\":{\"@id\":\"https:\/\/kalfany-suesse-werbung.de\/#\/schema\/logo\/image\/\"},\"sameAs\":[\"https:\/\/de.linkedin.com\/company\/kalfany-suesse-werbung\"]}]}<\/script>\n<!-- \/ Yoast SEO plugin. -->","yoast_head_json":{"title":"Kalfany S\u00fc\u00dfe Werbung","robots":{"index":"index","follow":"follow","max-snippet":"max-snippet:-1","max-image-preview":"max-image-preview:large","max-video-preview":"max-video-preview:-1"},"canonical":"https:\/\/kalfany-suesse-werbung.de\/fr\/","og_locale":"fr_FR","og_type":"article","og_title":"Kalfany S\u00fc\u00dfe Werbung","og_url":"https:\/\/kalfany-suesse-werbung.de\/fr\/","og_site_name":"Kalfany S\u00fc\u00dfe Werbung","article_modified_time":"2024-12-13T16:19:55+00:00","twitter_card":"summary_large_image","twitter_misc":{"Dur\u00e9e de lecture estim\u00e9e":"2 minutes"},"schema":{"@context":"https:\/\/schema.org","@graph":[{"@type":"WebPage","@id":"https:\/\/kalfany-suesse-werbung.de\/fr\/","url":"https:\/\/kalfany-suesse-werbung.de\/fr\/","name":"Kalfany S\u00fc\u00dfe Werbung","isPartOf":{"@id":"https:\/\/kalfany-suesse-werbung.de\/#website"},"datePublished":"2024-02-26T14:26:43+00:00","dateModified":"2024-12-13T16:19:55+00:00","breadcrumb":{"@id":"https:\/\/kalfany-suesse-werbung.de\/fr\/#breadcrumb"},"inLanguage":"fr-FR","potentialAction":[{"@type":"ReadAction","target":["https:\/\/kalfany-suesse-werbung.de\/fr\/"]}]},{"@type":"BreadcrumbList","@id":"https:\/\/kalfany-suesse-werbung.de\/fr\/#breadcrumb","itemListElement":[{"@type":"ListItem","position":1,"name":"Startseite","item":"https:\/\/kalfany-suesse-werbung.de\/fr\/"},{"@type":"ListItem","position":2,"name":"Page d&rsquo;accueil"}]},{"@type":"WebSite","@id":"https:\/\/kalfany-suesse-werbung.de\/#website","url":"https:\/\/kalfany-suesse-werbung.de\/","name":"Kalfany S\u00fc\u00dfe Werbung","description":"","publisher":{"@id":"https:\/\/kalfany-suesse-werbung.de\/#organization"},"potentialAction":[{"@type":"SearchAction","target":{"@type":"EntryPoint","urlTemplate":"https:\/\/kalfany-suesse-werbung.de\/?s={search_term_string}"},"query-input":{"@type":"PropertyValueSpecification","valueRequired":true,"valueName":"search_term_string"}}],"inLanguage":"fr-FR"},{"@type":"Organization","@id":"https:\/\/kalfany-suesse-werbung.de\/#organization","name":"Kalfany S\u00fc\u00dfe Werbung","url":"https:\/\/kalfany-suesse-werbung.de\/","logo":{"@type":"ImageObject","inLanguage":"fr-FR","@id":"https:\/\/kalfany-suesse-werbung.de\/#\/schema\/logo\/image\/","url":"https:\/\/kalfany-suesse-werbung.de\/wp-content\/uploads\/2024\/02\/ksw_logo.svg","contentUrl":"https:\/\/kalfany-suesse-werbung.de\/wp-content\/uploads\/2024\/02\/ksw_logo.svg","width":"1024","height":"1024","caption":"Kalfany S\u00fc\u00dfe Werbung"},"image":{"@id":"https:\/\/kalfany-suesse-werbung.de\/#\/schema\/logo\/image\/"},"sameAs":["https:\/\/de.linkedin.com\/company\/kalfany-suesse-werbung"]}]}},"_links":{"self":[{"href":"https:\/\/kalfany-suesse-werbung.de\/fr\/wp-json\/wp\/v2\/pages\/617","targetHints":{"allow":["GET"]}}],"collection":[{"href":"https:\/\/kalfany-suesse-werbung.de\/fr\/wp-json\/wp\/v2\/pages"}],"about":[{"href":"https:\/\/kalfany-suesse-werbung.de\/fr\/wp-json\/wp\/v2\/types\/page"}],"author":[{"embeddable":true,"href":"https:\/\/kalfany-suesse-werbung.de\/fr\/wp-json\/wp\/v2\/users\/1"}],"replies":[{"embeddable":true,"href":"https:\/\/kalfany-suesse-werbung.de\/fr\/wp-json\/wp\/v2\/comments?post=617"}],"version-history":[{"count":18,"href":"https:\/\/kalfany-suesse-werbung.de\/fr\/wp-json\/wp\/v2\/pages\/617\/revisions"}],"predecessor-version":[{"id":998,"href":"https:\/\/kalfany-suesse-werbung.de\/fr\/wp-json\/wp\/v2\/pages\/617\/revisions\/998"}],"wp:attachment":[{"href":"https:\/\/kalfany-suesse-werbung.de\/fr\/wp-json\/wp\/v2\/media?parent=617"}],"curies":[{"name":"wp","href":"https:\/\/api.w.org\/{rel}","templated":true}]}}